{"id":47,"date":"2026-02-09T12:34:16","date_gmt":"2026-02-09T11:34:16","guid":{"rendered":"https:\/\/chefup.pl\/?page_id=47"},"modified":"2026-02-10T14:21:22","modified_gmt":"2026-02-10T13:21:22","slug":"o-nas","status":"publish","type":"page","link":"https:\/\/chefup.pl\/?page_id=47","title":{"rendered":"O nas"},"content":{"rendered":"\t\t<div data-elementor-type=\"wp-page\" data-elementor-id=\"47\" class=\"elementor elementor-47\" data-elementor-post-type=\"page\">\n\t\t\t\t<div class=\"elementor-element elementor-element-36781a31 e-flex e-con-boxed e-con e-parent\" data-id=\"36781a31\" data-element_type=\"container\" data-e-type=\"container\" data-settings=\"{&quot;background_background&quot;:&quot;classic&quot;}\">\n\t\t\t\t\t<div class=\"e-con-inner\">\n\t\t\t\t<div class=\"elementor-element elementor-element-5176d7e animated-slow elementor-invisible elementor-widget elementor-widget-heading\" data-id=\"5176d7e\" data-element_type=\"widget\" data-e-type=\"widget\" data-settings=\"{&quot;_animation&quot;:&quot;slideInUp&quot;}\" data-widget_type=\"heading.default\">\n\t\t\t\t<div class=\"elementor-widget-container\">\n\t\t\t\t\t<h2 class=\"elementor-heading-title elementor-size-default\">O nas<\/h2>\t\t\t\t<\/div>\n\t\t\t\t<\/div>\n\t\t\t\t\t<\/div>\n\t\t\t\t<\/div>\n\t\t<div class=\"elementor-element elementor-element-58356539 e-flex e-con-boxed e-con e-parent\" data-id=\"58356539\" data-element_type=\"container\" data-e-type=\"container\" data-settings=\"{&quot;background_background&quot;:&quot;classic&quot;}\">\n\t\t\t\t\t<div class=\"e-con-inner\">\n\t\t\t\t<div class=\"elementor-element elementor-element-73a2418f elementor-widget elementor-widget-image-box\" data-id=\"73a2418f\" data-element_type=\"widget\" data-e-type=\"widget\" data-widget_type=\"image-box.default\">\n\t\t\t\t<div class=\"elementor-widget-container\">\n\t\t\t\t\t<div class=\"elementor-image-box-wrapper\"><div class=\"elementor-image-box-content\"><p class=\"elementor-image-box-description\"><b>ChefUp<\/b> powsta\u0142 na styku dw\u00f3ch \u015bwiat\u00f3w: zaawansowanej technologii i realnych wyzwa\u0144 gastronomii. Nie jeste\u015bmy typow\u0105 agencj\u0105 marketingow\u0105 - nasz trzon stanowi zesp\u00f3\u0142 z do\u015bwiadczeniem pracy wewn\u0105trz najwi\u0119kszych aplikacji delivery. Wiemy dobrze jak dzia\u0142aj\u0105 algorytmy i co jest mo\u017cliwe. T\u0119 unikaln\u0105 wiedz\u0119 \u0142\u0105czymy z kompetencjami w budowaniu nowoczesnych rozwi\u0105za\u0144 webowych (strony, systemy zam\u00f3wie\u0144) oraz precyzyjnym marketingiem cyfrowym. Nie zgadujemy, co zadzia\u0142a - my to wiemy, opieraj\u0105c si\u0119 na twardych danych i analizie setek lokali.<\/p><\/div><\/div>\t\t\t\t<\/div>\n\t\t\t\t<\/div>\n\t\t\t\t\t<\/div>\n\t\t\t\t<\/div>\n\t\t<div class=\"elementor-element elementor-element-4f88fd4d e-con-full e-flex e-con e-parent\" data-id=\"4f88fd4d\" data-element_type=\"container\" data-e-type=\"container\" data-settings=\"{&quot;background_background&quot;:&quot;classic&quot;}\">\n\t\t<div class=\"elementor-element elementor-element-5eb4e49e e-flex e-con-boxed e-con e-child\" data-id=\"5eb4e49e\" data-element_type=\"container\" data-e-type=\"container\">\n\t\t\t\t\t<div class=\"e-con-inner\">\n\t\t\t\t<div class=\"elementor-element elementor-element-4f616703 elementor-widget__width-inherit elementor-widget elementor-widget-heading\" data-id=\"4f616703\" data-element_type=\"widget\" data-e-type=\"widget\" data-widget_type=\"heading.default\">\n\t\t\t\t<div class=\"elementor-widget-container\">\n\t\t\t\t\t<p class=\"elementor-heading-title elementor-size-default\">CO NAS WYR\u00d3\u017bNIA<\/p>\t\t\t\t<\/div>\n\t\t\t\t<\/div>\n\t\t\t\t<div class=\"elementor-element elementor-element-9091093 elementor-widget__width-inherit elementor-widget elementor-widget-heading\" data-id=\"9091093\" data-element_type=\"widget\" data-e-type=\"widget\" data-widget_type=\"heading.default\">\n\t\t\t\t<div class=\"elementor-widget-container\">\n\t\t\t\t\t<h2 class=\"elementor-heading-title elementor-size-default\">Nasze warto\u015bci<\/h2>\t\t\t\t<\/div>\n\t\t\t\t<\/div>\n\t\t\t\t\t<\/div>\n\t\t\t\t<\/div>\n\t\t<div class=\"elementor-element elementor-element-137d661 e-flex e-con-boxed e-con e-child\" data-id=\"137d661\" data-element_type=\"container\" data-e-type=\"container\">\n\t\t\t\t\t<div class=\"e-con-inner\">\n\t\t\t\t<div class=\"elementor-element elementor-element-27644ee9 elementor-widget__width-initial elementor-widget-mobile__width-inherit elementor-invisible elementor-widget elementor-widget-icon-box\" data-id=\"27644ee9\" data-element_type=\"widget\" data-e-type=\"widget\" data-settings=\"{&quot;_animation&quot;:&quot;fadeInUp&quot;}\" data-widget_type=\"icon-box.default\">\n\t\t\t\t<div class=\"elementor-widget-container\">\n\t\t\t\t\t\t\t<div class=\"elementor-icon-box-wrapper\">\n\n\t\t\t\n\t\t\t\t\t\t<div class=\"elementor-icon-box-content\">\n\n\t\t\t\t\t\t\t\t\t<h3 class=\"elementor-icon-box-title\">\n\t\t\t\t\t\t<span  >\n\t\t\t\t\t\t\tOparcie na danych\t\t\t\t\t\t<\/span>\n\t\t\t\t\t<\/h3>\n\t\t\t\t\n\t\t\t\t\t\t\t\t\t<p class=\"elementor-icon-box-description\">\n\t\t\t\t\t\tWyrzucamy intuicj\u0119 do kosza, gdy chodzi o biznes. Ka\u017cda rekomendacja \u2013 od zmiany ceny w menu po bud\u017cet reklamowy \u2013 opiera si\u0119 na analizie liczb i wska\u017anik\u00f3w ROI.\t\t\t\t\t<\/p>\n\t\t\t\t\n\t\t\t<\/div>\n\t\t\t\n\t\t<\/div>\n\t\t\t\t\t\t<\/div>\n\t\t\t\t<\/div>\n\t\t\t\t<div class=\"elementor-element elementor-element-e74f49f elementor-widget__width-initial elementor-widget-mobile__width-inherit elementor-invisible elementor-widget elementor-widget-icon-box\" data-id=\"e74f49f\" data-element_type=\"widget\" data-e-type=\"widget\" data-settings=\"{&quot;_animation&quot;:&quot;fadeInUp&quot;}\" data-widget_type=\"icon-box.default\">\n\t\t\t\t<div class=\"elementor-widget-container\">\n\t\t\t\t\t\t\t<div class=\"elementor-icon-box-wrapper\">\n\n\t\t\t\n\t\t\t\t\t\t<div class=\"elementor-icon-box-content\">\n\n\t\t\t\t\t\t\t\t\t<h3 class=\"elementor-icon-box-title\">\n\t\t\t\t\t\t<span  >\n\t\t\t\t\t\t\tTransparentno\u015b\u0107\t\t\t\t\t\t<\/span>\n\t\t\t\t\t<\/h3>\n\t\t\t\t\n\t\t\t\t\t\t\t\t\t<p class=\"elementor-icon-box-description\">\n\t\t\t\t\t\tNie obiecujemy z\u0142otych g\u00f3r. M\u00f3wimy otwarcie, co dzia\u0142a, a co trzeba poprawi\u0107. Rozliczamy si\u0119 za efekty i stawiamy na jasne zasady wsp\u00f3\u0142pracy bez ukrytych koszt\u00f3w.\t\t\t\t\t<\/p>\n\t\t\t\t\n\t\t\t<\/div>\n\t\t\t\n\t\t<\/div>\n\t\t\t\t\t\t<\/div>\n\t\t\t\t<\/div>\n\t\t\t\t<div class=\"elementor-element elementor-element-5817227 elementor-widget__width-initial elementor-widget-mobile__width-inherit elementor-invisible elementor-widget elementor-widget-icon-box\" data-id=\"5817227\" data-element_type=\"widget\" data-e-type=\"widget\" data-settings=\"{&quot;_animation&quot;:&quot;fadeInUp&quot;}\" data-widget_type=\"icon-box.default\">\n\t\t\t\t<div class=\"elementor-widget-container\">\n\t\t\t\t\t\t\t<div class=\"elementor-icon-box-wrapper\">\n\n\t\t\t\n\t\t\t\t\t\t<div class=\"elementor-icon-box-content\">\n\n\t\t\t\t\t\t\t\t\t<h3 class=\"elementor-icon-box-title\">\n\t\t\t\t\t\t<span  >\n\t\t\t\t\t\t\tTechnologiczna przewaga\t\t\t\t\t\t<\/span>\n\t\t\t\t\t<\/h3>\n\t\t\t\t\n\t\t\t\t\t\t\t\t\t<p class=\"elementor-icon-box-description\">\n\t\t\t\t\t\tGastronomia to dzisiaj bran\u017ca tech. Wykorzystujemy najnowsze rozwi\u0105zania webowe i automatyzacj\u0119 marketingu, aby Twoja restauracja dzia\u0142a\u0142a sprawnie jak dobrze napisany kod.\t\t\t\t\t<\/p>\n\t\t\t\t\n\t\t\t<\/div>\n\t\t\t\n\t\t<\/div>\n\t\t\t\t\t\t<\/div>\n\t\t\t\t<\/div>\n\t\t\t\t<div class=\"elementor-element elementor-element-301778c elementor-widget__width-initial elementor-widget-mobile__width-inherit elementor-invisible elementor-widget elementor-widget-icon-box\" data-id=\"301778c\" data-element_type=\"widget\" data-e-type=\"widget\" data-settings=\"{&quot;_animation&quot;:&quot;fadeInUp&quot;}\" data-widget_type=\"icon-box.default\">\n\t\t\t\t<div class=\"elementor-widget-container\">\n\t\t\t\t\t\t\t<div class=\"elementor-icon-box-wrapper\">\n\n\t\t\t\n\t\t\t\t\t\t<div class=\"elementor-icon-box-content\">\n\n\t\t\t\t\t\t\t\t\t<h3 class=\"elementor-icon-box-title\">\n\t\t\t\t\t\t<span  >\n\t\t\t\t\t\t\tWiedza \"od kuchni\"\t\t\t\t\t\t<\/span>\n\t\t\t\t\t<\/h3>\n\t\t\t\t\n\t\t\t\t\t\t\t\t\t<p class=\"elementor-icon-box-description\">\n\t\t\t\t\t\tRozumiemy b\u00f3l wysokiego food costu i presj\u0119 serwisu. Nasze strategie nie powstaj\u0105 w biurowcach oderwanych od rzeczywisto\u015bci, ale na bazie realnych do\u015bwiadcze\u0144 z rynku delivery.\t\t\t\t\t<\/p>\n\t\t\t\t\n\t\t\t<\/div>\n\t\t\t\n\t\t<\/div>\n\t\t\t\t\t\t<\/div>\n\t\t\t\t<\/div>\n\t\t\t\t\t<\/div>\n\t\t\t\t<\/div>\n\t\t\t\t<\/div>\n\t\t\t\t<\/div>\n\t\t","protected":false},"excerpt":{"rendered":"<p>O nas ChefUp powsta\u0142 na styku dw\u00f3ch \u015bwiat\u00f3w: zaawansowanej technologii i realnych wyzwa\u0144 gastronomii. Nie jeste\u015bmy typow\u0105 agencj\u0105 marketingow\u0105 &#8211; nasz trzon stanowi zesp\u00f3\u0142 z do\u015bwiadczeniem pracy wewn\u0105trz najwi\u0119kszych aplikacji delivery. Wiemy dobrze jak dzia\u0142aj\u0105 algorytmy i co jest mo\u017cliwe. T\u0119 unikaln\u0105 wiedz\u0119 \u0142\u0105czymy z kompetencjami w budowaniu nowoczesnych rozwi\u0105za\u0144 webowych (strony, systemy zam\u00f3wie\u0144) oraz [&hellip;]<\/p>\n","protected":false},"author":1,"featured_media":0,"parent":0,"menu_order":0,"comment_status":"closed","ping_status":"closed","template":"","meta":{"footnotes":""},"class_list":["post-47","page","type-page","status-publish","hentry"],"rttpg_featured_image_url":null,"rttpg_author":{"display_name":"chefadmin","author_link":"https:\/\/chefup.pl\/?author=1"},"rttpg_comment":0,"rttpg_category":null,"rttpg_excerpt":"O nas ChefUp powsta\u0142 na styku dw\u00f3ch \u015bwiat\u00f3w: zaawansowanej technologii i realnych wyzwa\u0144 gastronomii. Nie jeste\u015bmy typow\u0105 agencj\u0105 marketingow\u0105 &#8211; nasz trzon stanowi zesp\u00f3\u0142 z do\u015bwiadczeniem pracy wewn\u0105trz najwi\u0119kszych aplikacji delivery. Wiemy dobrze jak dzia\u0142aj\u0105 algorytmy i co jest mo\u017cliwe. T\u0119 unikaln\u0105 wiedz\u0119 \u0142\u0105czymy z kompetencjami w budowaniu nowoczesnych rozwi\u0105za\u0144 webowych (strony, systemy zam\u00f3wie\u0144) oraz&hellip;","_links":{"self":[{"href":"https:\/\/chefup.pl\/index.php?rest_route=\/wp\/v2\/pages\/47","targetHints":{"allow":["GET"]}}],"collection":[{"href":"https:\/\/chefup.pl\/index.php?rest_route=\/wp\/v2\/pages"}],"about":[{"href":"https:\/\/chefup.pl\/index.php?rest_route=\/wp\/v2\/types\/page"}],"author":[{"embeddable":true,"href":"https:\/\/chefup.pl\/index.php?rest_route=\/wp\/v2\/users\/1"}],"replies":[{"embeddable":true,"href":"https:\/\/chefup.pl\/index.php?rest_route=%2Fwp%2Fv2%2Fcomments&post=47"}],"version-history":[{"count":13,"href":"https:\/\/chefup.pl\/index.php?rest_route=\/wp\/v2\/pages\/47\/revisions"}],"predecessor-version":[{"id":452,"href":"https:\/\/chefup.pl\/index.php?rest_route=\/wp\/v2\/pages\/47\/revisions\/452"}],"wp:attachment":[{"href":"https:\/\/chefup.pl\/index.php?rest_route=%2Fwp%2Fv2%2Fmedia&parent=47"}],"curies":[{"name":"wp","href":"https:\/\/api.w.org\/{rel}","templated":true}]}}